{"id":93,"date":"2017-09-04T16:59:55","date_gmt":"2017-09-04T14:59:55","guid":{"rendered":"http:\/\/sifs.no\/dilemmabank\/?page_id=93"},"modified":"2017-11-20T14:59:57","modified_gmt":"2017-11-20T13:59:57","slug":"diskusjoner","status":"publish","type":"page","link":"https:\/\/sifs.no\/dilemmabank\/diskusjoner\/","title":{"rendered":"Diskusjoner"},"content":{"rendered":"<div class=\"pt-cv-wrapper\"><div class=\"pt-cv-view pt-cv-grid pt-cv-colsys\" id=\"pt-cv-view-d943c67c7e\"><div data-id=\"pt-cv-page-1\" class=\"pt-cv-page\" data-cvc=\"3\"><div class=\"col-md-4 col-sm-6 col-xs-12 pt-cv-content-item pt-cv-1-col\" ><div class='pt-cv-ifield'><a href=\"https:\/\/sifs.no\/dilemmabank\/lojalitet\/prioritering-av-prosjekt-for-utbygging-av-et-samfunnskritisk-anlegg\/\" class=\"_self pt-cv-href-thumbnail pt-cv-thumb-default\" target=\"_self\" ><\/a>\n<h4 class=\"pt-cv-title\"><a href=\"https:\/\/sifs.no\/dilemmabank\/lojalitet\/prioritering-av-prosjekt-for-utbygging-av-et-samfunnskritisk-anlegg\/\" class=\"_self\" target=\"_self\" >Prioritering av prosjekt for utbygging av et samfunnskritisk anlegg<\/a><\/h4>\n<div class=\"pt-cv-content\">Du er prosjektleder for utbygging av et samfunnskritisk anlegg, og m\u00e5 i gjennomf\u00f8ringen samarbeide med flere offentlige etater. En etat ...<br \/><div class=\"pt-cv-rmwrap\"><a href=\"https:\/\/sifs.no\/dilemmabank\/lojalitet\/prioritering-av-prosjekt-for-utbygging-av-et-samfunnskritisk-anlegg\/\" class=\"_self pt-cv-readmore btn btn-success\" target=\"_self\">Les Mer\u2026<\/a><\/div><\/div><\/div><\/div>\n<div class=\"col-md-4 col-sm-6 col-xs-12 pt-cv-content-item pt-cv-1-col\" ><div class='pt-cv-ifield'><a href=\"https:\/\/sifs.no\/dilemmabank\/lojalitet\/rad-i-en-sak-hvor-du-er-fagekspert\/\" class=\"_self pt-cv-href-thumbnail pt-cv-thumb-default\" target=\"_self\" ><\/a>\n<h4 class=\"pt-cv-title\"><a href=\"https:\/\/sifs.no\/dilemmabank\/lojalitet\/rad-i-en-sak-hvor-du-er-fagekspert\/\" class=\"_self\" target=\"_self\" >R\u00e5d i en sak hvor du er fagekspert<\/a><\/h4>\n<div class=\"pt-cv-content\">Dine overordnede har bedt om et r\u00e5d i en sak hvor du er fagekspert. Saken avgj\u00f8res dog p\u00e5 politisk niv\u00e5 ...<br \/><div class=\"pt-cv-rmwrap\"><a href=\"https:\/\/sifs.no\/dilemmabank\/lojalitet\/rad-i-en-sak-hvor-du-er-fagekspert\/\" class=\"_self pt-cv-readmore btn btn-success\" target=\"_self\">Les Mer\u2026<\/a><\/div><\/div><\/div><\/div>\n<div class=\"col-md-4 col-sm-6 col-xs-12 pt-cv-content-item pt-cv-1-col\" ><div class='pt-cv-ifield'><a href=\"https:\/\/sifs.no\/dilemmabank\/omdomme\/innsparing-med-begrensninger-pa-nodvendige-tjenestereiser\/\" class=\"_self pt-cv-href-thumbnail pt-cv-thumb-default\" target=\"_self\" ><\/a>\n<h4 class=\"pt-cv-title\"><a href=\"https:\/\/sifs.no\/dilemmabank\/omdomme\/innsparing-med-begrensninger-pa-nodvendige-tjenestereiser\/\" class=\"_self\" target=\"_self\" >Innsparing med begrensninger p\u00e5 n\u00f8dvendige tjenestereiser<\/a><\/h4>\n<div class=\"pt-cv-content\">Enheten du leder er p\u00e5lagt \u00e5 spare 500.000,- i administrasjonskostnader. Medarbeiderne kommer opp med flere innsparingsforslag, herunder begrensninger p\u00e5 n\u00f8dvendige ...<br \/><div class=\"pt-cv-rmwrap\"><a href=\"https:\/\/sifs.no\/dilemmabank\/omdomme\/innsparing-med-begrensninger-pa-nodvendige-tjenestereiser\/\" class=\"_self pt-cv-readmore btn btn-success\" target=\"_self\">Les Mer\u2026<\/a><\/div><\/div><\/div><\/div>\n<div class=\"col-md-4 col-sm-6 col-xs-12 pt-cv-content-item pt-cv-1-col\" ><div class='pt-cv-ifield'><a href=\"https:\/\/sifs.no\/dilemmabank\/lojalitet\/leverandor-av-driftstjenester-inviterer-pa-julemiddag\/\" class=\"_self pt-cv-href-thumbnail pt-cv-thumb-default\" target=\"_self\" ><\/a>\n<h4 class=\"pt-cv-title\"><a href=\"https:\/\/sifs.no\/dilemmabank\/lojalitet\/leverandor-av-driftstjenester-inviterer-pa-julemiddag\/\" class=\"_self\" target=\"_self\" >Leverand\u00f8r av driftstjenester inviterer p\u00e5 julemiddag<\/a><\/h4>\n<div class=\"pt-cv-content\">En leverand\u00f8r av driftstjenester inviterer deg og andre kontaktpersoner i Forsvaret p\u00e5 deres tradisjonelle julemiddag. De starter dagen med driftsm\u00f8te ...<br \/><div class=\"pt-cv-rmwrap\"><a href=\"https:\/\/sifs.no\/dilemmabank\/lojalitet\/leverandor-av-driftstjenester-inviterer-pa-julemiddag\/\" class=\"_self pt-cv-readmore btn btn-success\" target=\"_self\">Les Mer\u2026<\/a><\/div><\/div><\/div><\/div>\n<div class=\"col-md-4 col-sm-6 col-xs-12 pt-cv-content-item pt-cv-1-col\" ><div class='pt-cv-ifield'><a href=\"https:\/\/sifs.no\/dilemmabank\/omdomme\/uonsket-seksuell-oppmerksomhet-pa-julebordet\/\" class=\"_self pt-cv-href-thumbnail pt-cv-thumb-default\" target=\"_self\" ><\/a>\n<h4 class=\"pt-cv-title\"><a href=\"https:\/\/sifs.no\/dilemmabank\/omdomme\/uonsket-seksuell-oppmerksomhet-pa-julebordet\/\" class=\"_self\" target=\"_self\" >U\u00f8nsket seksuell oppmerksomhet p\u00e5 julebordet<\/a><\/h4>\n<div class=\"pt-cv-content\">Det er snart julebord p\u00e5 jobben. Du vet av erfaring at n\u00e5r en kollega av deg f\u00e5r i seg alkohol, ...<br \/><div class=\"pt-cv-rmwrap\"><a href=\"https:\/\/sifs.no\/dilemmabank\/omdomme\/uonsket-seksuell-oppmerksomhet-pa-julebordet\/\" class=\"_self pt-cv-readmore btn btn-success\" target=\"_self\">Les Mer\u2026<\/a><\/div><\/div><\/div><\/div>\n<div class=\"col-md-4 col-sm-6 col-xs-12 pt-cv-content-item pt-cv-1-col\" ><div class='pt-cv-ifield'><a href=\"https:\/\/sifs.no\/dilemmabank\/lojalitetsplikt\/ansvar-handtering-av-konsulentavtale\/\" class=\"_self pt-cv-href-thumbnail pt-cv-thumb-default\" target=\"_self\" ><\/a>\n<h4 class=\"pt-cv-title\"><a href=\"https:\/\/sifs.no\/dilemmabank\/lojalitetsplikt\/ansvar-handtering-av-konsulentavtale\/\" class=\"_self\" target=\"_self\" >Ansvar for h\u00e5ndtering av konsulentavtale<\/a><\/h4>\n<div class=\"pt-cv-content\">Du er ansvarlig for h\u00e5ndtering av en konsulentavtale og arbeider med anskaffelser til Forsvaret.\u00a0 Den 4-\u00e5rige avtalen er i ferd ...<br \/><div class=\"pt-cv-rmwrap\"><a href=\"https:\/\/sifs.no\/dilemmabank\/lojalitetsplikt\/ansvar-handtering-av-konsulentavtale\/\" class=\"_self pt-cv-readmore btn btn-success\" target=\"_self\">Les Mer\u2026<\/a><\/div><\/div><\/div><\/div>\n<div class=\"col-md-4 col-sm-6 col-xs-12 pt-cv-content-item pt-cv-1-col\" ><div class='pt-cv-ifield'><a href=\"https:\/\/sifs.no\/dilemmabank\/omdomme\/darlig-tid-mote-utenfor-byen\/\" class=\"_self pt-cv-href-thumbnail pt-cv-thumb-default\" target=\"_self\" ><\/a>\n<h4 class=\"pt-cv-title\"><a href=\"https:\/\/sifs.no\/dilemmabank\/omdomme\/darlig-tid-mote-utenfor-byen\/\" class=\"_self\" target=\"_self\" >D\u00e5rlig tid for m\u00f8te utenfor byen<\/a><\/h4>\n<div class=\"pt-cv-content\">Du skal p\u00e5 et m\u00f8te utenfor byen og har litt d\u00e5rlig tid. Tar du taxi selv om du vil rekke ...<br \/><div class=\"pt-cv-rmwrap\"><a href=\"https:\/\/sifs.no\/dilemmabank\/omdomme\/darlig-tid-mote-utenfor-byen\/\" class=\"_self pt-cv-readmore btn btn-success\" target=\"_self\">Les Mer\u2026<\/a><\/div><\/div><\/div><\/div>\n<div class=\"col-md-4 col-sm-6 col-xs-12 pt-cv-content-item pt-cv-1-col\" ><div class='pt-cv-ifield'><a href=\"https:\/\/sifs.no\/dilemmabank\/lojalitet\/innafor-med-utskrifter-fra-jobbskriveren\/\" class=\"_self pt-cv-href-thumbnail pt-cv-thumb-default\" target=\"_self\" ><\/a>\n<h4 class=\"pt-cv-title\"><a href=\"https:\/\/sifs.no\/dilemmabank\/lojalitet\/innafor-med-utskrifter-fra-jobbskriveren\/\" class=\"_self\" target=\"_self\" >Innafor med utskrifter fra jobbskriveren?<\/a><\/h4>\n<div class=\"pt-cv-content\">Din datter som er student skal skrive ut sin bachelor oppgave for korrekturlesing og ber deg om \u00e5 f\u00e5 tre ...<br \/><div class=\"pt-cv-rmwrap\"><a href=\"https:\/\/sifs.no\/dilemmabank\/lojalitet\/innafor-med-utskrifter-fra-jobbskriveren\/\" class=\"_self pt-cv-readmore btn btn-success\" target=\"_self\">Les Mer\u2026<\/a><\/div><\/div><\/div><\/div>\n<div class=\"col-md-4 col-sm-6 col-xs-12 pt-cv-content-item pt-cv-1-col\" ><div class='pt-cv-ifield'><a href=\"https:\/\/sifs.no\/dilemmabank\/habilitet\/kjope-brors-tjenester-julebord-underholdning\/\" class=\"_self pt-cv-href-thumbnail pt-cv-thumb-default\" target=\"_self\" ><\/a>\n<h4 class=\"pt-cv-title\"><a href=\"https:\/\/sifs.no\/dilemmabank\/habilitet\/kjope-brors-tjenester-julebord-underholdning\/\" class=\"_self\" target=\"_self\" >Kj\u00f8pe brors tjenester for julebord underholdning<\/a><\/h4>\n<div class=\"pt-cv-content\">Din enhet skal arrangere \u00e5rets julebord for avdelingen. Dere har 25 000 kr til disposisjon for underholdning. En i arrangementskomiteen ...<br \/><div class=\"pt-cv-rmwrap\"><a href=\"https:\/\/sifs.no\/dilemmabank\/habilitet\/kjope-brors-tjenester-julebord-underholdning\/\" class=\"_self pt-cv-readmore btn btn-success\" target=\"_self\">Les Mer\u2026<\/a><\/div><\/div><\/div><\/div>\n<div class=\"col-md-4 col-sm-6 col-xs-12 pt-cv-content-item pt-cv-1-col\" ><div class='pt-cv-ifield'><a href=\"https:\/\/sifs.no\/dilemmabank\/omdomme\/mindre-forbruk-pa-budskjettet\/\" class=\"_self pt-cv-href-thumbnail pt-cv-thumb-default\" target=\"_self\" ><\/a>\n<h4 class=\"pt-cv-title\"><a href=\"https:\/\/sifs.no\/dilemmabank\/omdomme\/mindre-forbruk-pa-budskjettet\/\" class=\"_self\" target=\"_self\" >Mindre forbruk p\u00e5 budskjettet<\/a><\/h4>\n<div class=\"pt-cv-content\">Du arbeider med anskaffelser til forsvarssektoren. Det er blitt november og du ser at virksomheten din st\u00e5r i fare for ...<br \/><div class=\"pt-cv-rmwrap\"><a href=\"https:\/\/sifs.no\/dilemmabank\/omdomme\/mindre-forbruk-pa-budskjettet\/\" class=\"_self pt-cv-readmore btn btn-success\" target=\"_self\">Les Mer\u2026<\/a><\/div><\/div><\/div><\/div>\n<div class=\"col-md-4 col-sm-6 col-xs-12 pt-cv-content-item pt-cv-1-col\" ><div class='pt-cv-ifield'><a href=\"https:\/\/sifs.no\/dilemmabank\/omdomme\/leverandor-etterforskning-av-polititet\/\" class=\"_self pt-cv-href-thumbnail pt-cv-thumb-default\" target=\"_self\" ><\/a>\n<h4 class=\"pt-cv-title\"><a href=\"https:\/\/sifs.no\/dilemmabank\/omdomme\/leverandor-etterforskning-av-polititet\/\" class=\"_self\" target=\"_self\" >Leverand\u00f8r under etterforskning av polititet<\/a><\/h4>\n<div class=\"pt-cv-content\">Du arbeider med anskaffelser til forsvarssektoren. Du blir gjort kjent med at den leverand\u00f8ren som har inngitt det billigste tilbudet, ...<br \/><div class=\"pt-cv-rmwrap\"><a href=\"https:\/\/sifs.no\/dilemmabank\/omdomme\/leverandor-etterforskning-av-polititet\/\" class=\"_self pt-cv-readmore btn btn-success\" target=\"_self\">Les Mer\u2026<\/a><\/div><\/div><\/div><\/div>\n<div class=\"col-md-4 col-sm-6 col-xs-12 pt-cv-content-item pt-cv-1-col\" ><div class='pt-cv-ifield'><a href=\"https:\/\/sifs.no\/dilemmabank\/omdomme\/leverandor-med-interninformasjon-gir-lav-pris\/\" class=\"_self pt-cv-href-thumbnail pt-cv-thumb-default\" target=\"_self\" ><\/a>\n<h4 class=\"pt-cv-title\"><a href=\"https:\/\/sifs.no\/dilemmabank\/omdomme\/leverandor-med-interninformasjon-gir-lav-pris\/\" class=\"_self\" target=\"_self\" >Leverand\u00f8r med interninformasjon gir lav pris<\/a><\/h4>\n<div class=\"pt-cv-content\">Du jobber med rammekontrakter i forsvarssektoren. En rammekontrakt skal fornyes og du vet at en av de tidligere leverand\u00f8rene har ...<br \/><div class=\"pt-cv-rmwrap\"><a href=\"https:\/\/sifs.no\/dilemmabank\/omdomme\/leverandor-med-interninformasjon-gir-lav-pris\/\" class=\"_self pt-cv-readmore btn btn-success\" target=\"_self\">Les Mer\u2026<\/a><\/div><\/div><\/div><\/div>\n<div class=\"col-md-4 col-sm-6 col-xs-12 pt-cv-content-item pt-cv-1-col\" ><div class='pt-cv-ifield'><a href=\"https:\/\/sifs.no\/dilemmabank\/lojalitet\/velge-billig-utenlandsk-leverandor-eller-norsk-industri\/\" class=\"_self pt-cv-href-thumbnail pt-cv-thumb-default\" target=\"_self\" ><\/a>\n<h4 class=\"pt-cv-title\"><a href=\"https:\/\/sifs.no\/dilemmabank\/lojalitet\/velge-billig-utenlandsk-leverandor-eller-norsk-industri\/\" class=\"_self\" target=\"_self\" >Velge billig utenlandsk leverand\u00f8r eller norsk industri?<\/a><\/h4>\n<div class=\"pt-cv-content\">Du arbeider med anskaffelser til forsvarssektoren. Du vet om en meget god utenlandsk leverand\u00f8r som kan levere \u00f8nsket produkt med ...<br \/><div class=\"pt-cv-rmwrap\"><a href=\"https:\/\/sifs.no\/dilemmabank\/lojalitet\/velge-billig-utenlandsk-leverandor-eller-norsk-industri\/\" class=\"_self pt-cv-readmore btn btn-success\" target=\"_self\">Les Mer\u2026<\/a><\/div><\/div><\/div><\/div>\n<div class=\"col-md-4 col-sm-6 col-xs-12 pt-cv-content-item pt-cv-1-col\" ><div class='pt-cv-ifield'><a href=\"https:\/\/sifs.no\/dilemmabank\/habilitet\/vareprover-fra-potensielle-leverandorer\/\" class=\"_self pt-cv-href-thumbnail pt-cv-thumb-default\" target=\"_self\" ><\/a>\n<h4 class=\"pt-cv-title\"><a href=\"https:\/\/sifs.no\/dilemmabank\/habilitet\/vareprover-fra-potensielle-leverandorer\/\" class=\"_self\" target=\"_self\" >Varepr\u00f8ver fra potensielle leverand\u00f8rer<\/a><\/h4>\n<div class=\"pt-cv-content\">Du arbeider med anskaffelser til forsvarssektoren. Du sitter i et m\u00f8te med potensielle leverand\u00f8rer og du blir tilbudt ulike varepr\u00f8ver ...<br \/><div class=\"pt-cv-rmwrap\"><a href=\"https:\/\/sifs.no\/dilemmabank\/habilitet\/vareprover-fra-potensielle-leverandorer\/\" class=\"_self pt-cv-readmore btn btn-success\" target=\"_self\">Les Mer\u2026<\/a><\/div><\/div><\/div><\/div>\n<div class=\"col-md-4 col-sm-6 col-xs-12 pt-cv-content-item pt-cv-1-col\" ><div class='pt-cv-ifield'><a href=\"https:\/\/sifs.no\/dilemmabank\/habilitet\/greit-bruke-firma-til-kollega-anskaffelse\/\" class=\"_self pt-cv-href-thumbnail pt-cv-thumb-default\" target=\"_self\" ><\/a>\n<h4 class=\"pt-cv-title\"><a href=\"https:\/\/sifs.no\/dilemmabank\/habilitet\/greit-bruke-firma-til-kollega-anskaffelse\/\" class=\"_self\" target=\"_self\" >Greit \u00e5 bruke firma til kollega for anskaffelse<\/a><\/h4>\n<div class=\"pt-cv-content\">Du arbeider med anskaffelser til forsvarssektoren og er kjent med at din kollega, som skriver tekniske spesifikasjoner for en konkret ...<br \/><div class=\"pt-cv-rmwrap\"><a href=\"https:\/\/sifs.no\/dilemmabank\/habilitet\/greit-bruke-firma-til-kollega-anskaffelse\/\" class=\"_self pt-cv-readmore btn btn-success\" target=\"_self\">Les Mer\u2026<\/a><\/div><\/div><\/div><\/div>\n<div class=\"col-md-4 col-sm-6 col-xs-12 pt-cv-content-item pt-cv-1-col\" ><div class='pt-cv-ifield'><a href=\"https:\/\/sifs.no\/dilemmabank\/gaver\/dyrt-restaurant-besok-med-norsk-leverandor-utlandet\/\" class=\"_self pt-cv-href-thumbnail pt-cv-thumb-default\" target=\"_self\" ><\/a>\n<h4 class=\"pt-cv-title\"><a href=\"https:\/\/sifs.no\/dilemmabank\/gaver\/dyrt-restaurant-besok-med-norsk-leverandor-utlandet\/\" class=\"_self\" target=\"_self\" >Dyrt restaurant bes\u00f8k med norsk leverand\u00f8r i utlandet<\/a><\/h4>\n<div class=\"pt-cv-content\">Du arbeider med anskaffelser til forsvarssektoren. Utenlandske myndigheter \u00f8nsker \u00e5 m\u00f8te en av sine store norske leverand\u00f8rer i Norge, Gourmetnatur ...<br \/><div class=\"pt-cv-rmwrap\"><a href=\"https:\/\/sifs.no\/dilemmabank\/gaver\/dyrt-restaurant-besok-med-norsk-leverandor-utlandet\/\" class=\"_self pt-cv-readmore btn btn-success\" target=\"_self\">Les Mer\u2026<\/a><\/div><\/div><\/div><\/div>\n<div class=\"col-md-4 col-sm-6 col-xs-12 pt-cv-content-item pt-cv-1-col\" ><div class='pt-cv-ifield'><a href=\"https:\/\/sifs.no\/dilemmabank\/gaver\/dilemma-9\/\" class=\"_self pt-cv-href-thumbnail pt-cv-thumb-default\" target=\"_self\" ><\/a>\n<h4 class=\"pt-cv-title\"><a href=\"https:\/\/sifs.no\/dilemmabank\/gaver\/dilemma-9\/\" class=\"_self\" target=\"_self\" >Invitasjon til avslutningsfest<\/a><\/h4>\n<div class=\"pt-cv-content\">Du arbeider med anskaffelser til forsvarssektoren. Etter mange \u00e5rs samarbeid skal en av dine kunder\/leverand\u00f8rer slutte i jobben og har ...<br \/><div class=\"pt-cv-rmwrap\"><a href=\"https:\/\/sifs.no\/dilemmabank\/gaver\/dilemma-9\/\" class=\"_self pt-cv-readmore btn btn-success\" target=\"_self\">Les Mer\u2026<\/a><\/div><\/div><\/div><\/div>\n<div class=\"col-md-4 col-sm-6 col-xs-12 pt-cv-content-item pt-cv-1-col\" ><div class='pt-cv-ifield'><a href=\"https:\/\/sifs.no\/dilemmabank\/faglighet\/press-pa-forsere-materiellprosjekt\/\" class=\"_self pt-cv-href-thumbnail pt-cv-thumb-default\" target=\"_self\" ><\/a>\n<h4 class=\"pt-cv-title\"><a href=\"https:\/\/sifs.no\/dilemmabank\/faglighet\/press-pa-forsere-materiellprosjekt\/\" class=\"_self\" target=\"_self\" >Press p\u00e5 \u00e5 forsere materiellprosjekt<\/a><\/h4>\n<div class=\"pt-cv-content\">Du er prosjektmedarbeider i Forsvarsmateriell. En leverand\u00f8r presser p\u00e5 for \u00e5 f\u00e5 forsert et materiellprosjekt som f\u00f8rst er tenkt satt ...<br \/><div class=\"pt-cv-rmwrap\"><a href=\"https:\/\/sifs.no\/dilemmabank\/faglighet\/press-pa-forsere-materiellprosjekt\/\" class=\"_self pt-cv-readmore btn btn-success\" target=\"_self\">Les Mer\u2026<\/a><\/div><\/div><\/div><\/div>\n<div class=\"col-md-4 col-sm-6 col-xs-12 pt-cv-content-item pt-cv-1-col\" ><div class='pt-cv-ifield'><a href=\"https:\/\/sifs.no\/dilemmabank\/lojalitet\/jobbsoker-naer-familie\/\" class=\"_self pt-cv-href-thumbnail pt-cv-thumb-default\" target=\"_self\" ><\/a>\n<h4 class=\"pt-cv-title\"><a href=\"https:\/\/sifs.no\/dilemmabank\/lojalitet\/jobbsoker-naer-familie\/\" class=\"_self\" target=\"_self\" >Jobbs\u00f8ker i n\u00e6r familie<\/a><\/h4>\n<div class=\"pt-cv-content\">En i n\u00e6r familie er jobbs\u00f8ker til en stilling der du jobber. Han har bedt deg om \u00e5 nevne at ...<br \/><div class=\"pt-cv-rmwrap\"><a href=\"https:\/\/sifs.no\/dilemmabank\/lojalitet\/jobbsoker-naer-familie\/\" class=\"_self pt-cv-readmore btn btn-success\" target=\"_self\">Les Mer\u2026<\/a><\/div><\/div><\/div><\/div>\n<div class=\"col-md-4 col-sm-6 col-xs-12 pt-cv-content-item pt-cv-1-col\" ><div class='pt-cv-ifield'><a href=\"https:\/\/sifs.no\/dilemmabank\/gaver\/middag-og-underholdning-fra-leverandor\/\" class=\"_self pt-cv-href-thumbnail pt-cv-thumb-default\" target=\"_self\" ><\/a>\n<h4 class=\"pt-cv-title\"><a href=\"https:\/\/sifs.no\/dilemmabank\/gaver\/middag-og-underholdning-fra-leverandor\/\" class=\"_self\" target=\"_self\" >Middag og underholdning fra leverand\u00f8r<\/a><\/h4>\n<div class=\"pt-cv-content\">Du har v\u00e6rt med \u00e5 forhandle en kontrakt. Den er n\u00e5 signert av begge parter. Leverand\u00f8ren har bedt din enhet ...<br \/><div class=\"pt-cv-rmwrap\"><a href=\"https:\/\/sifs.no\/dilemmabank\/gaver\/middag-og-underholdning-fra-leverandor\/\" class=\"_self pt-cv-readmore btn btn-success\" target=\"_self\">Les Mer\u2026<\/a><\/div><\/div><\/div><\/div><\/div><\/div>\n<div class=\" pt-cv-pagination-wrapper\"><ul class=\"pt-cv-pagination pt-cv-normal pagination\" data-totalpages=\"2\" data-currentpage=\"1\" data-sid=\"d943c67c7e\" data-unid=\"\" data-isblock=\"\" data-postid=\"\"><li class=\"active\"><a href=\"#\">1<\/a><\/li>\n\t<li ><a class=\"\" href=\"https:\/\/sifs.no\/dilemmabank\/wp-json\/wp\/v2\/pages\/93\/?_page=2\">2<\/a><\/li>\n\t<li ><a class=\" \" href=\"https:\/\/sifs.no\/dilemmabank\/wp-json\/wp\/v2\/pages\/93\/?_page=2\">&rsaquo;<\/a><\/li>\n\t<\/ul><img loading=\"lazy\" decoding=\"async\" width=\"15\" height=\"15\" class=\"pt-cv-spinner\" alt=\"Loading...\" src=\"data:image\/gif;base64,R0lGODlhDwAPALMPAMrKygwMDJOTkz09PZWVla+vr3p6euTk5M7OzuXl5TMzMwAAAJmZmWZmZszMzP\/\/\/yH\/C05FVFNDQVBFMi4wAwEAAAAh+QQFCgAPACwAAAAADwAPAAAEQvDJaZaZOIcV8iQK8VRX4iTYoAwZ4iCYoAjZ4RxejhVNoT+mRGP4cyF4Pp0N98sBGIBMEMOotl6YZ3S61Bmbkm4mAgAh+QQFCgAPACwAAAAADQANAAAENPDJSRSZeA418itN8QiK8BiLITVsFiyBBIoYqnoewAD4xPw9iY4XLGYSjkQR4UAUD45DLwIAIfkEBQoADwAsAAAAAA8ACQAABC\/wyVlamTi3nSdgwFNdhEJgTJoNyoB9ISYoQmdjiZPcj7EYCAeCF1gEDo4Dz2eIAAAh+QQFCgAPACwCAAAADQANAAAEM\/DJBxiYeLKdX3IJZT1FU0iIg2RNKx3OkZVnZ98ToRD4MyiDnkAh6BkNC0MvsAj0kMpHBAAh+QQFCgAPACwGAAAACQAPAAAEMDC59KpFDll73HkAA2wVY5KgiK5b0RRoI6MuzG6EQqCDMlSGheEhUAgqgUUAFRySIgAh+QQFCgAPACwCAAIADQANAAAEM\/DJKZNLND\/kkKaHc3xk+QAMYDKsiaqmZCxGVjSFFCxB1vwy2oOgIDxuucxAMTAJFAJNBAAh+QQFCgAPACwAAAYADwAJAAAEMNAs86q1yaWwwv2Ig0jUZx3OYa4XoRAfwADXoAwfo1+CIjyFRuEho60aSNYlOPxEAAAh+QQFCgAPACwAAAIADQANAAAENPA9s4y8+IUVcqaWJ4qEQozSoAzoIyhCK2NFU2SJk0hNnyEOhKR2AzAAj4Pj4GE4W0bkJQIAOw==\" \/><div class=\"clear pt-cv-clear-pagination\"><\/div><\/div><\/div>\n","protected":false},"excerpt":{"rendered":"","protected":false},"author":1,"featured_media":0,"parent":0,"menu_order":0,"comment_status":"closed","ping_status":"closed","template":"","meta":{"footnotes":""},"_links":{"self":[{"href":"https:\/\/sifs.no\/dilemmabank\/wp-json\/wp\/v2\/pages\/93"}],"collection":[{"href":"https:\/\/sifs.no\/dilemmabank\/wp-json\/wp\/v2\/pages"}],"about":[{"href":"https:\/\/sifs.no\/dilemmabank\/wp-json\/wp\/v2\/types\/page"}],"author":[{"embeddable":true,"href":"https:\/\/sifs.no\/dilemmabank\/wp-json\/wp\/v2\/users\/1"}],"replies":[{"embeddable":true,"href":"https:\/\/sifs.no\/dilemmabank\/wp-json\/wp\/v2\/comments?post=93"}],"version-history":[{"count":5,"href":"https:\/\/sifs.no\/dilemmabank\/wp-json\/wp\/v2\/pages\/93\/revisions"}],"predecessor-version":[{"id":492,"href":"https:\/\/sifs.no\/dilemmabank\/wp-json\/wp\/v2\/pages\/93\/revisions\/492"}],"wp:attachment":[{"href":"https:\/\/sifs.no\/dilemmabank\/wp-json\/wp\/v2\/media?parent=93"}],"curies":[{"name":"wp","href":"https:\/\/api.w.org\/{rel}","templated":true}]}}