{"id":620,"date":"2021-07-02T17:25:24","date_gmt":"2021-07-02T15:25:24","guid":{"rendered":"https:\/\/sifs.no\/dilemmabank\/?page_id=620"},"modified":"2021-07-06T12:35:07","modified_gmt":"2021-07-06T10:35:07","slug":"personvernerklaering","status":"publish","type":"page","link":"https:\/\/sifs.no\/dilemmabank\/personvernerklaering\/","title":{"rendered":"Personvernerkl\u00e6ring"},"content":{"rendered":"<p>Effektiv dato: 02.07.2021<br \/>\nSist oppdatert: 06.07.2021<\/p>\n<p>Denne personvernerkl\u00e6ringen gjelder for https:\/\/sifs.no\/dilemmabank\/ \u2013 Senter for integritet i Forsvarssektoren. (\u00abvi\u00bb). Vi er behandlingsansvarlige for behandlingen av personopplysninger som er beskrevet i denne personvernerkl\u00e6ringen. Du finner kontaktinformasjonen v\u00e5r nedenfor.<\/p>\n<ol>\n<li><b>Hvem vi behandler personopplysninger om<\/b><\/li>\n<\/ol>\n<p>Denne personvernerkl\u00e6ringen retter seg mot v\u00e5r behandling av personopplysninger om f\u00f8lgende personer:<\/p>\n<ul>\n<li>Kontaktpersoner hos v\u00e5re leverand\u00f8rer, samarbeidspartnere og kunder<\/li>\n<li>Bes\u00f8kende p\u00e5 v\u00e5re nettsider<\/li>\n<li>De som sender henvendelser til oss via kontaktskjema p\u00e5 v\u00e5re nettsider<\/li>\n<\/ul>\n<ol>\n<li>Hvem vi deler personopplysninger med<\/li>\n<\/ol>\n<p>V\u00e5re leverand\u00f8rer av IT-tjenester vil kunne ha tilgang til personopplysninger dersom personopplysninger er lagret hos leverand\u00f8ren eller p\u00e5 annen m\u00e5te er tilgjengelig for leverand\u00f8ren i henhold til kontrakten med oss. Leverand\u00f8rene opptrer i henhold til databehandleravtalen med oss og under v\u00e5r instruks. Leverand\u00f8ren kan bare benytte personopplysningene for de form\u00e5lene vi har bestemt og som er beskrevet i denne personvernerkl\u00e6ringen.<\/p>\n<ol>\n<li><b>Lagring av personopplysninger<\/b><\/li>\n<\/ol>\n<p>For brukere som sender skjema inn p\u00e5 dette nettstedet lagres det ogs\u00e5 personopplysninger som de oppgir. Kontakthenvendelser slettes etter 1 \u00e5r.<\/p>\n<ol>\n<li><b>Dine rettigheter<\/b><\/li>\n<\/ol>\n<p>Du har rettigheter i personopplysninger som omhandler deg. Hvilke rettigheter du har, avhenger av omstendighetene.<br \/>\n<b><em>Trekke samtykke tilbake<\/em>: <\/b>Dersom du har gitt samtykke til \u00e5 motta nyhetsbrev fra oss, kan du n\u00e5r som helst trekke dette samtykket tilbake. Vi har lagt til rette for at du enkelt kan reservere deg mot denne typen henvendelser ved \u00e5 inkludere en link til avregistreringsskjema i hver enkelt henvendelse. Dersom du har samtykket til annen behandling av personopplysninger, kan du ogs\u00e5 n\u00e5r som helst trekke ditt samtykke tilbake med henblikk p\u00e5 denne behandlingen ved \u00e5 rette en henvendelse til oss om dette.<br \/>\n<b><em>Be om innsyn<\/em>:<\/b> Du har rett til innsyn i hvilke personopplysninger vi har registrert om deg, s\u00e5 langt ikke taushetsplikten er til hinder for dette. For \u00e5 sikre at personopplysninger utleveres til rett person, kan vi stille krav om at begj\u00e6ring om innsyn skjer skriftlig eller at identitet verifiseres p\u00e5 annen m\u00e5te.<br \/>\n<b><em>Be om retting eller sletting<\/em>: <\/b>Du kan be oss om \u00e5 rette feilaktige opplysninger vi har om deg eller be oss om \u00e5 slette personopplysninger. Vi vil s\u00e5 langt som mulig im\u00f8tekomme en foresp\u00f8rsel om \u00e5 slette personopplysninger, men vi kan ikke gj\u00f8re dette dersom det er tungtveiende grunner for ikke \u00e5 slette, for eksempel at vi m\u00e5 lagre opplysningene av dokumentasjonshensyn.<br \/>\n<em><b>Dataportabilitet:<\/b><\/em> I noen tilfeller vil du kunne ha adgang til \u00e5 f\u00e5 utlevert personopplysninger du har oppgitt til oss, i et maskinlesbart format. Dersom det er teknisk mulig vil det i enkelte tilfeller v\u00e6re adgang til \u00e5 f\u00e5 disse overf\u00f8rt direkte til andre firmaer.<br \/>\n<b>Klage til tilsynsmyndigheten:<\/b> Dersom du er uenig i m\u00e5ten vi behandler dine personopplysninger p\u00e5, kan du sende inn en klage til Datatilsynet.<\/p>\n<ol>\n<li><b>Sikkerhet<\/b><\/li>\n<\/ol>\n<p>Vi har etablert prosedyrer for \u00e5 h\u00e5ndtere personopplysninger p\u00e5 en sikker m\u00e5te. Tiltakene er b\u00e5de av teknisk og organisatorisk art. Vi foretar jevnlige vurderinger av sikkerheten i alle sentrale systemer som benyttes for h\u00e5ndtering av personopplysninger, og det er inng\u00e5tt avtaler som p\u00e5legger leverand\u00f8rer av slike systemer \u00e5 s\u00f8rge for tilfredsstillende informasjonssikkerhet. Tilgang til personopplysninger er begrenset til personell som har behov for tilgang for \u00e5 utf\u00f8re sine oppgaver. Vi har vedtatt interne IT-retningslinjer, og vi foretar jevnlig oppl\u00e6ring av ansatte med hensyn til sikkerhet og bruk av IT-systemer.<\/p>\n<ol>\n<li><b>Endringer i personvernerkl\u00e6ringen<\/b><\/li>\n<\/ol>\n<p>Vi vil kunne gj\u00f8re mindre endringer i denne personvernerkl\u00e6ringen. Du vil alltid finne siste versjon p\u00e5 v\u00e5r nettside. Ved vesentlige endringer vil vi varsle om dette.<\/p>\n<ol>\n<li><b>Kontakt oss<\/b><\/li>\n<\/ol>\n<p>Dersom du har sp\u00f8rsm\u00e5l eller kommentarer til v\u00e5r personvernerkl\u00e6ring eller du vil ut\u00f8ve dine rettigheter, kan du ta kontakt med oss slik: Senter for integritet i Forsvarssektoren Glacisgata 1 0150 Oslo E-post: <a href=\"mailto:cids@ifs.mil.no\">cids@ifs.mil.no<\/a> Tlf: +47 23 09 61 10<\/p>\n<ol>\n<li><b>Cookies<\/b><\/li>\n<\/ol>\n<p>Denne nettsiden bruker informasjonskapsler (cookies). En cookie er en fil som lagres i din nettleser, og som gj\u00f8r at nettsiden kjenner igjen nettleseren fra gang til gang.\u00a0 <a href=\"https:\/\/sifs.no\/dilemmabank\/cookies\/\">Du kan lese mer om v\u00e5r cookie policy her<\/a>.<\/p>\n","protected":false},"excerpt":{"rendered":"<p>Effektiv dato: 02.07.2021 Sist oppdatert: 06.07.2021 Denne personvernerkl\u00e6ringen gjelder for https:\/\/sifs.no\/dilemmabank\/ \u2013 Senter for integritet i Forsvarssektoren. (\u00abvi\u00bb). Vi er behandlingsansvarlige for behandlingen av personopplysninger&hellip; <a href=\"https:\/\/sifs.no\/dilemmabank\/personvernerklaering\/\" class=\"post-excerpt-readmore\"><\/a><\/p>\n","protected":false},"author":1,"featured_media":0,"parent":0,"menu_order":0,"comment_status":"closed","ping_status":"closed","template":"","meta":{"footnotes":""},"_links":{"self":[{"href":"https:\/\/sifs.no\/dilemmabank\/wp-json\/wp\/v2\/pages\/620"}],"collection":[{"href":"https:\/\/sifs.no\/dilemmabank\/wp-json\/wp\/v2\/pages"}],"about":[{"href":"https:\/\/sifs.no\/dilemmabank\/wp-json\/wp\/v2\/types\/page"}],"author":[{"embeddable":true,"href":"https:\/\/sifs.no\/dilemmabank\/wp-json\/wp\/v2\/users\/1"}],"replies":[{"embeddable":true,"href":"https:\/\/sifs.no\/dilemmabank\/wp-json\/wp\/v2\/comments?post=620"}],"version-history":[{"count":5,"href":"https:\/\/sifs.no\/dilemmabank\/wp-json\/wp\/v2\/pages\/620\/revisions"}],"predecessor-version":[{"id":641,"href":"https:\/\/sifs.no\/dilemmabank\/wp-json\/wp\/v2\/pages\/620\/revisions\/641"}],"wp:attachment":[{"href":"https:\/\/sifs.no\/dilemmabank\/wp-json\/wp\/v2\/media?parent=620"}],"curies":[{"name":"wp","href":"https:\/\/api.w.org\/{rel}","templated":true}]}}