{"id":553,"date":"2017-11-20T20:22:19","date_gmt":"2017-11-20T19:22:19","guid":{"rendered":"http:\/\/sifs.no\/dilemmabank\/?page_id=553"},"modified":"2017-11-20T20:24:15","modified_gmt":"2017-11-20T19:24:15","slug":"lojalitetsplikt","status":"publish","type":"page","link":"https:\/\/sifs.no\/dilemmabank\/lojalitetsplikt\/","title":{"rendered":"Lojalitetsplikt"},"content":{"rendered":"<div class=\"pt-cv-wrapper\"><div class=\"pt-cv-view pt-cv-grid pt-cv-colsys\" id=\"pt-cv-view-c9e778f7jp\"><div data-id=\"pt-cv-page-1\" class=\"pt-cv-page\" data-cvc=\"3\"><div class=\"col-md-4 col-sm-6 col-xs-12 pt-cv-content-item pt-cv-1-col\" ><div class='pt-cv-ifield'><a href=\"https:\/\/sifs.no\/dilemmabank\/lojalitetsplikt\/ansvar-handtering-av-konsulentavtale\/\" class=\"_self pt-cv-href-thumbnail pt-cv-thumb-default\" target=\"_self\" ><\/a>\n<h4 class=\"pt-cv-title\"><a href=\"https:\/\/sifs.no\/dilemmabank\/lojalitetsplikt\/ansvar-handtering-av-konsulentavtale\/\" class=\"_self\" target=\"_self\" >Ansvar for h\u00e5ndtering av konsulentavtale<\/a><\/h4>\n<div class=\"pt-cv-content\">Du er ansvarlig for h\u00e5ndtering av en konsulentavtale og arbeider med anskaffelser til Forsvaret.\u00a0 Den 4-\u00e5rige avtalen er i ferd ...<br \/><div class=\"pt-cv-rmwrap\"><a href=\"https:\/\/sifs.no\/dilemmabank\/lojalitetsplikt\/ansvar-handtering-av-konsulentavtale\/\" class=\"_self pt-cv-readmore btn btn-success\" target=\"_self\">Les Mer\u2026<\/a><\/div><\/div><\/div><\/div>\n<div class=\"col-md-4 col-sm-6 col-xs-12 pt-cv-content-item pt-cv-1-col\" ><div class='pt-cv-ifield'><a href=\"https:\/\/sifs.no\/dilemmabank\/lojalitetsplikt\/forsnakkelse-om-interne-prosesser-privat-selskap\/\" class=\"_self pt-cv-href-thumbnail pt-cv-thumb-default\" target=\"_self\" ><\/a>\n<h4 class=\"pt-cv-title\"><a href=\"https:\/\/sifs.no\/dilemmabank\/lojalitetsplikt\/forsnakkelse-om-interne-prosesser-privat-selskap\/\" class=\"_self\" target=\"_self\" >Forsnakkelse om interne prosesser i privat selskap<\/a><\/h4>\n<div class=\"pt-cv-content\">I er privat selskap har du fortalt om hvor mye du vet om interne prosesser ved din avdeling. Muligens sa ...<br \/><div class=\"pt-cv-rmwrap\"><a href=\"https:\/\/sifs.no\/dilemmabank\/lojalitetsplikt\/forsnakkelse-om-interne-prosesser-privat-selskap\/\" class=\"_self pt-cv-readmore btn btn-success\" target=\"_self\">Les Mer\u2026<\/a><\/div><\/div><\/div><\/div><\/div><\/div><\/div>\n<p>&nbsp;<\/p>\n<hr \/>\n<p>&nbsp;<\/p>\n<h1>Etiske retningslinjer for statstjenesten<\/h1>\n<div class=\"infopane\"><\/p>\n<h3>2.1 #Lydighetsplikt<a name=\"lydighetsplikt\"><\/a><\/h3>\n<p>Statsansatte plikter \u00e5 f\u00f8lge de rettslige regler og etiske retningslinjer som gjelder for virksomheten, samt \u00e5 etterkomme p\u00e5legg fra overordnete. Lydighetsplikten medf\u00f8rer ikke noen plikt til \u00e5 f\u00f8lge p\u00e5legg om \u00e5 gj\u00f8re noe ulovlig eller uetisk.<\/p>\n<p><em>Kommentarer:<\/em><br \/>\nDet f\u00f8lger av lojalitetsplikten at statsansatte skal reise de n\u00f8dvendige motforestillinger f\u00f8r en avgj\u00f8relse tas, slik at det gjennom saksforberedelsen presenteres et mest mulig fullstendig bilde av de hensyn og verdier som gj\u00f8r seg gjeldende. N\u00e5r avgj\u00f8relsen er tatt, f\u00f8lger det like klart av lydighetsplikten at avgj\u00f8relsen skal iverksettes hurtig og effektivt innenfor de opptrukne rammer, uansett hva de aktuelle statsansatte m\u00e5tte ha av faglige og politiske oppfatninger om avgj\u00f8relsen.<br \/>\nStatsansatte skal ikke bist\u00e5 administrativt overordnete eller den politiske ledelse i departementene med \u00e5 gi uriktige eller villedende opplysninger til medier eller allmennheten. Lydighetsplikten medf\u00f8rer ingen plikt for ansatte i sentraladministrasjonen til \u00e5 utf\u00f8re oppdrag som ligger utenfor det man vil anse som omr\u00e5det for statsr\u00e5dens embetsgjerning, som f.eks. \u00e5 utarbeide valgkampmateriell for den politiske ledelse, eller p\u00e5 annen m\u00e5te direkte bidra til partipolitiske virksomhet.<br \/>\nAnsatte i sentraladministrasjonen f\u00f8lger ofte den politiske ledelsen i departementet p\u00e5 reiser, ogs\u00e5 p\u00e5 reiser som omfatter partipolitiske arrangementer. Ogs\u00e5 n\u00e5r en statsr\u00e5d er p\u00e5 en reise til eller tilstede p\u00e5 et partipolitisk arrangement er statsr\u00e5den departementssjef. Personer fra embetsverket m\u00e5 derfor kunne bist\u00e5 statsr\u00e5den i oppgaver som ligger til embetet som departementssjef.<\/p>\n<p><\/div>\n","protected":false},"excerpt":{"rendered":"<p>&nbsp; &nbsp; Etiske retningslinjer for statstjenesten<\/p>\n","protected":false},"author":1,"featured_media":0,"parent":0,"menu_order":0,"comment_status":"closed","ping_status":"closed","template":"","meta":{"footnotes":""},"_links":{"self":[{"href":"https:\/\/sifs.no\/dilemmabank\/wp-json\/wp\/v2\/pages\/553"}],"collection":[{"href":"https:\/\/sifs.no\/dilemmabank\/wp-json\/wp\/v2\/pages"}],"about":[{"href":"https:\/\/sifs.no\/dilemmabank\/wp-json\/wp\/v2\/types\/page"}],"author":[{"embeddable":true,"href":"https:\/\/sifs.no\/dilemmabank\/wp-json\/wp\/v2\/users\/1"}],"replies":[{"embeddable":true,"href":"https:\/\/sifs.no\/dilemmabank\/wp-json\/wp\/v2\/comments?post=553"}],"version-history":[{"count":3,"href":"https:\/\/sifs.no\/dilemmabank\/wp-json\/wp\/v2\/pages\/553\/revisions"}],"predecessor-version":[{"id":557,"href":"https:\/\/sifs.no\/dilemmabank\/wp-json\/wp\/v2\/pages\/553\/revisions\/557"}],"wp:attachment":[{"href":"https:\/\/sifs.no\/dilemmabank\/wp-json\/wp\/v2\/media?parent=553"}],"curies":[{"name":"wp","href":"https:\/\/api.w.org\/{rel}","templated":true}]}}