{"id":548,"date":"2017-11-20T20:18:08","date_gmt":"2017-11-20T19:18:08","guid":{"rendered":"http:\/\/sifs.no\/dilemmabank\/?page_id=548"},"modified":"2017-11-20T20:21:39","modified_gmt":"2017-11-20T19:21:39","slug":"lojalitet","status":"publish","type":"page","link":"https:\/\/sifs.no\/dilemmabank\/lojalitet\/","title":{"rendered":"Lojalitet"},"content":{"rendered":"<div class=\"pt-cv-wrapper\"><div class=\"pt-cv-view pt-cv-grid pt-cv-colsys\" id=\"pt-cv-view-be95f802tr\"><div data-id=\"pt-cv-page-1\" class=\"pt-cv-page\" data-cvc=\"3\"><div class=\"col-md-4 col-sm-6 col-xs-12 pt-cv-content-item pt-cv-1-col\" ><div class='pt-cv-ifield'><a href=\"https:\/\/sifs.no\/dilemmabank\/lojalitet\/prioritering-av-prosjekt-for-utbygging-av-et-samfunnskritisk-anlegg\/\" class=\"_self pt-cv-href-thumbnail pt-cv-thumb-default\" target=\"_self\" ><\/a>\n<h4 class=\"pt-cv-title\"><a href=\"https:\/\/sifs.no\/dilemmabank\/lojalitet\/prioritering-av-prosjekt-for-utbygging-av-et-samfunnskritisk-anlegg\/\" class=\"_self\" target=\"_self\" >Prioritering av prosjekt for utbygging av et samfunnskritisk anlegg<\/a><\/h4>\n<div class=\"pt-cv-content\">Du er prosjektleder for utbygging av et samfunnskritisk anlegg, og m\u00e5 i gjennomf\u00f8ringen samarbeide med flere offentlige etater. En etat ...<br \/><div class=\"pt-cv-rmwrap\"><a href=\"https:\/\/sifs.no\/dilemmabank\/lojalitet\/prioritering-av-prosjekt-for-utbygging-av-et-samfunnskritisk-anlegg\/\" class=\"_self pt-cv-readmore btn btn-success\" target=\"_self\">Les Mer\u2026<\/a><\/div><\/div><\/div><\/div>\n<div class=\"col-md-4 col-sm-6 col-xs-12 pt-cv-content-item pt-cv-1-col\" ><div class='pt-cv-ifield'><a href=\"https:\/\/sifs.no\/dilemmabank\/lojalitet\/rad-i-en-sak-hvor-du-er-fagekspert\/\" class=\"_self pt-cv-href-thumbnail pt-cv-thumb-default\" target=\"_self\" ><\/a>\n<h4 class=\"pt-cv-title\"><a href=\"https:\/\/sifs.no\/dilemmabank\/lojalitet\/rad-i-en-sak-hvor-du-er-fagekspert\/\" class=\"_self\" target=\"_self\" >R\u00e5d i en sak hvor du er fagekspert<\/a><\/h4>\n<div class=\"pt-cv-content\">Dine overordnede har bedt om et r\u00e5d i en sak hvor du er fagekspert. Saken avgj\u00f8res dog p\u00e5 politisk niv\u00e5 ...<br \/><div class=\"pt-cv-rmwrap\"><a href=\"https:\/\/sifs.no\/dilemmabank\/lojalitet\/rad-i-en-sak-hvor-du-er-fagekspert\/\" class=\"_self pt-cv-readmore btn btn-success\" target=\"_self\">Les Mer\u2026<\/a><\/div><\/div><\/div><\/div>\n<div class=\"col-md-4 col-sm-6 col-xs-12 pt-cv-content-item pt-cv-1-col\" ><div class='pt-cv-ifield'><a href=\"https:\/\/sifs.no\/dilemmabank\/lojalitet\/leverandor-av-driftstjenester-inviterer-pa-julemiddag\/\" class=\"_self pt-cv-href-thumbnail pt-cv-thumb-default\" target=\"_self\" ><\/a>\n<h4 class=\"pt-cv-title\"><a href=\"https:\/\/sifs.no\/dilemmabank\/lojalitet\/leverandor-av-driftstjenester-inviterer-pa-julemiddag\/\" class=\"_self\" target=\"_self\" >Leverand\u00f8r av driftstjenester inviterer p\u00e5 julemiddag<\/a><\/h4>\n<div class=\"pt-cv-content\">En leverand\u00f8r av driftstjenester inviterer deg og andre kontaktpersoner i Forsvaret p\u00e5 deres tradisjonelle julemiddag. De starter dagen med driftsm\u00f8te ...<br \/><div class=\"pt-cv-rmwrap\"><a href=\"https:\/\/sifs.no\/dilemmabank\/lojalitet\/leverandor-av-driftstjenester-inviterer-pa-julemiddag\/\" class=\"_self pt-cv-readmore btn btn-success\" target=\"_self\">Les Mer\u2026<\/a><\/div><\/div><\/div><\/div>\n<div class=\"col-md-4 col-sm-6 col-xs-12 pt-cv-content-item pt-cv-1-col\" ><div class='pt-cv-ifield'><a href=\"https:\/\/sifs.no\/dilemmabank\/lojalitet\/innafor-med-utskrifter-fra-jobbskriveren\/\" class=\"_self pt-cv-href-thumbnail pt-cv-thumb-default\" target=\"_self\" ><\/a>\n<h4 class=\"pt-cv-title\"><a href=\"https:\/\/sifs.no\/dilemmabank\/lojalitet\/innafor-med-utskrifter-fra-jobbskriveren\/\" class=\"_self\" target=\"_self\" >Innafor med utskrifter fra jobbskriveren?<\/a><\/h4>\n<div class=\"pt-cv-content\">Din datter som er student skal skrive ut sin bachelor oppgave for korrekturlesing og ber deg om \u00e5 f\u00e5 tre ...<br \/><div class=\"pt-cv-rmwrap\"><a href=\"https:\/\/sifs.no\/dilemmabank\/lojalitet\/innafor-med-utskrifter-fra-jobbskriveren\/\" class=\"_self pt-cv-readmore btn btn-success\" target=\"_self\">Les Mer\u2026<\/a><\/div><\/div><\/div><\/div>\n<div class=\"col-md-4 col-sm-6 col-xs-12 pt-cv-content-item pt-cv-1-col\" ><div class='pt-cv-ifield'><a href=\"https:\/\/sifs.no\/dilemmabank\/lojalitet\/velge-billig-utenlandsk-leverandor-eller-norsk-industri\/\" class=\"_self pt-cv-href-thumbnail pt-cv-thumb-default\" target=\"_self\" ><\/a>\n<h4 class=\"pt-cv-title\"><a href=\"https:\/\/sifs.no\/dilemmabank\/lojalitet\/velge-billig-utenlandsk-leverandor-eller-norsk-industri\/\" class=\"_self\" target=\"_self\" >Velge billig utenlandsk leverand\u00f8r eller norsk industri?<\/a><\/h4>\n<div class=\"pt-cv-content\">Du arbeider med anskaffelser til forsvarssektoren. Du vet om en meget god utenlandsk leverand\u00f8r som kan levere \u00f8nsket produkt med ...<br \/><div class=\"pt-cv-rmwrap\"><a href=\"https:\/\/sifs.no\/dilemmabank\/lojalitet\/velge-billig-utenlandsk-leverandor-eller-norsk-industri\/\" class=\"_self pt-cv-readmore btn btn-success\" target=\"_self\">Les Mer\u2026<\/a><\/div><\/div><\/div><\/div><\/div><\/div>\n<div class=\" pt-cv-pagination-wrapper\"><ul class=\"pt-cv-pagination pt-cv-normal pagination\" data-totalpages=\"2\" data-currentpage=\"1\" data-sid=\"be95f802tr\" data-unid=\"\" data-isblock=\"\" data-postid=\"\"><li class=\"active\"><a href=\"#\">1<\/a><\/li>\n\t<li ><a class=\"\" href=\"https:\/\/sifs.no\/dilemmabank\/wp-json\/wp\/v2\/pages\/548\/?_page=2\">2<\/a><\/li>\n\t<li ><a class=\" \" href=\"https:\/\/sifs.no\/dilemmabank\/wp-json\/wp\/v2\/pages\/548\/?_page=2\">&rsaquo;<\/a><\/li>\n\t<\/ul><img loading=\"lazy\" decoding=\"async\" width=\"15\" height=\"15\" class=\"pt-cv-spinner\" alt=\"Loading...\" src=\"data:image\/gif;base64,R0lGODlhDwAPALMPAMrKygwMDJOTkz09PZWVla+vr3p6euTk5M7OzuXl5TMzMwAAAJmZmWZmZszMzP\/\/\/yH\/C05FVFNDQVBFMi4wAwEAAAAh+QQFCgAPACwAAAAADwAPAAAEQvDJaZaZOIcV8iQK8VRX4iTYoAwZ4iCYoAjZ4RxejhVNoT+mRGP4cyF4Pp0N98sBGIBMEMOotl6YZ3S61Bmbkm4mAgAh+QQFCgAPACwAAAAADQANAAAENPDJSRSZeA418itN8QiK8BiLITVsFiyBBIoYqnoewAD4xPw9iY4XLGYSjkQR4UAUD45DLwIAIfkEBQoADwAsAAAAAA8ACQAABC\/wyVlamTi3nSdgwFNdhEJgTJoNyoB9ISYoQmdjiZPcj7EYCAeCF1gEDo4Dz2eIAAAh+QQFCgAPACwCAAAADQANAAAEM\/DJBxiYeLKdX3IJZT1FU0iIg2RNKx3OkZVnZ98ToRD4MyiDnkAh6BkNC0MvsAj0kMpHBAAh+QQFCgAPACwGAAAACQAPAAAEMDC59KpFDll73HkAA2wVY5KgiK5b0RRoI6MuzG6EQqCDMlSGheEhUAgqgUUAFRySIgAh+QQFCgAPACwCAAIADQANAAAEM\/DJKZNLND\/kkKaHc3xk+QAMYDKsiaqmZCxGVjSFFCxB1vwy2oOgIDxuucxAMTAJFAJNBAAh+QQFCgAPACwAAAYADwAJAAAEMNAs86q1yaWwwv2Ig0jUZx3OYa4XoRAfwADXoAwfo1+CIjyFRuEho60aSNYlOPxEAAAh+QQFCgAPACwAAAIADQANAAAENPA9s4y8+IUVcqaWJ4qEQozSoAzoIyhCK2NFU2SJk0hNnyEOhKR2AzAAj4Pj4GE4W0bkJQIAOw==\" \/><div class=\"clear pt-cv-clear-pagination\"><\/div><\/div><\/div>\n<p>&nbsp;<\/p>\n<hr \/>\n<p>&nbsp;<\/p>\n<h1>Etiske retningslinjer for statstjenesten<\/h1>\n<div class=\"infopane\"><\/p>\n<h3>2. Lojalitet<a name=\"lojalitetsplikt\"><\/a><a name=\"lojalitet\"><\/a><\/h3>\n<p>Lojalitetsplikten er et alminnelig kontraktsrettslig prinsipp, og det f\u00f8lger av arbeidsforholdet at det er en gjensidig lojalitetsplikt mellom arbeidstaker og virksomheten. Arbeidstakers lojalitetsplikt g\u00e5r ut p\u00e5 at arbeidstaker m\u00e5 opptre i samsvar med virksomhetens interesser. Arbeidsgiver skal p\u00e5 sin side sikre at arbeidstakers interesser blir ivaretatt s\u00e5 langt det er mulig, og ledere har et s\u00e6rlig ansvar for \u00e5 bidra til beskyttelse av arbeidstakere som avdekker og rapporterer kritikkverdige forhold.<\/p>\n<p><\/div>\n","protected":false},"excerpt":{"rendered":"<p>&nbsp; &nbsp; Etiske retningslinjer for statstjenesten<\/p>\n","protected":false},"author":1,"featured_media":0,"parent":0,"menu_order":0,"comment_status":"closed","ping_status":"closed","template":"","meta":{"footnotes":""},"_links":{"self":[{"href":"https:\/\/sifs.no\/dilemmabank\/wp-json\/wp\/v2\/pages\/548"}],"collection":[{"href":"https:\/\/sifs.no\/dilemmabank\/wp-json\/wp\/v2\/pages"}],"about":[{"href":"https:\/\/sifs.no\/dilemmabank\/wp-json\/wp\/v2\/types\/page"}],"author":[{"embeddable":true,"href":"https:\/\/sifs.no\/dilemmabank\/wp-json\/wp\/v2\/users\/1"}],"replies":[{"embeddable":true,"href":"https:\/\/sifs.no\/dilemmabank\/wp-json\/wp\/v2\/comments?post=548"}],"version-history":[{"count":3,"href":"https:\/\/sifs.no\/dilemmabank\/wp-json\/wp\/v2\/pages\/548\/revisions"}],"predecessor-version":[{"id":552,"href":"https:\/\/sifs.no\/dilemmabank\/wp-json\/wp\/v2\/pages\/548\/revisions\/552"}],"wp:attachment":[{"href":"https:\/\/sifs.no\/dilemmabank\/wp-json\/wp\/v2\/media?parent=548"}],"curies":[{"name":"wp","href":"https:\/\/api.w.org\/{rel}","templated":true}]}}