{"id":544,"date":"2017-11-20T20:15:43","date_gmt":"2017-11-20T19:15:43","guid":{"rendered":"http:\/\/sifs.no\/dilemmabank\/?page_id=544"},"modified":"2017-11-20T20:17:03","modified_gmt":"2017-11-20T19:17:03","slug":"habilitet","status":"publish","type":"page","link":"https:\/\/sifs.no\/dilemmabank\/habilitet\/","title":{"rendered":"Habilitet"},"content":{"rendered":"<div class=\"pt-cv-wrapper\"><div class=\"pt-cv-view pt-cv-grid pt-cv-colsys\" id=\"pt-cv-view-e921779je5\"><div data-id=\"pt-cv-page-1\" class=\"pt-cv-page\" data-cvc=\"3\"><div class=\"col-md-4 col-sm-6 col-xs-12 pt-cv-content-item pt-cv-1-col\" ><div class='pt-cv-ifield'><a href=\"https:\/\/sifs.no\/dilemmabank\/habilitet\/kjope-brors-tjenester-julebord-underholdning\/\" class=\"_self pt-cv-href-thumbnail pt-cv-thumb-default\" target=\"_self\" ><\/a>\n<h4 class=\"pt-cv-title\"><a href=\"https:\/\/sifs.no\/dilemmabank\/habilitet\/kjope-brors-tjenester-julebord-underholdning\/\" class=\"_self\" target=\"_self\" >Kj\u00f8pe brors tjenester for julebord underholdning<\/a><\/h4>\n<div class=\"pt-cv-content\">Din enhet skal arrangere \u00e5rets julebord for avdelingen. Dere har 25 000 kr til disposisjon for underholdning. En i arrangementskomiteen ...<br \/><div class=\"pt-cv-rmwrap\"><a href=\"https:\/\/sifs.no\/dilemmabank\/habilitet\/kjope-brors-tjenester-julebord-underholdning\/\" class=\"_self pt-cv-readmore btn btn-success\" target=\"_self\">Les Mer\u2026<\/a><\/div><\/div><\/div><\/div>\n<div class=\"col-md-4 col-sm-6 col-xs-12 pt-cv-content-item pt-cv-1-col\" ><div class='pt-cv-ifield'><a href=\"https:\/\/sifs.no\/dilemmabank\/habilitet\/vareprover-fra-potensielle-leverandorer\/\" class=\"_self pt-cv-href-thumbnail pt-cv-thumb-default\" target=\"_self\" ><\/a>\n<h4 class=\"pt-cv-title\"><a href=\"https:\/\/sifs.no\/dilemmabank\/habilitet\/vareprover-fra-potensielle-leverandorer\/\" class=\"_self\" target=\"_self\" >Varepr\u00f8ver fra potensielle leverand\u00f8rer<\/a><\/h4>\n<div class=\"pt-cv-content\">Du arbeider med anskaffelser til forsvarssektoren. Du sitter i et m\u00f8te med potensielle leverand\u00f8rer og du blir tilbudt ulike varepr\u00f8ver ...<br \/><div class=\"pt-cv-rmwrap\"><a href=\"https:\/\/sifs.no\/dilemmabank\/habilitet\/vareprover-fra-potensielle-leverandorer\/\" class=\"_self pt-cv-readmore btn btn-success\" target=\"_self\">Les Mer\u2026<\/a><\/div><\/div><\/div><\/div>\n<div class=\"col-md-4 col-sm-6 col-xs-12 pt-cv-content-item pt-cv-1-col\" ><div class='pt-cv-ifield'><a href=\"https:\/\/sifs.no\/dilemmabank\/habilitet\/greit-bruke-firma-til-kollega-anskaffelse\/\" class=\"_self pt-cv-href-thumbnail pt-cv-thumb-default\" target=\"_self\" ><\/a>\n<h4 class=\"pt-cv-title\"><a href=\"https:\/\/sifs.no\/dilemmabank\/habilitet\/greit-bruke-firma-til-kollega-anskaffelse\/\" class=\"_self\" target=\"_self\" >Greit \u00e5 bruke firma til kollega for anskaffelse<\/a><\/h4>\n<div class=\"pt-cv-content\">Du arbeider med anskaffelser til forsvarssektoren og er kjent med at din kollega, som skriver tekniske spesifikasjoner for en konkret ...<br \/><div class=\"pt-cv-rmwrap\"><a href=\"https:\/\/sifs.no\/dilemmabank\/habilitet\/greit-bruke-firma-til-kollega-anskaffelse\/\" class=\"_self pt-cv-readmore btn btn-success\" target=\"_self\">Les Mer\u2026<\/a><\/div><\/div><\/div><\/div>\n<div class=\"col-md-4 col-sm-6 col-xs-12 pt-cv-content-item pt-cv-1-col\" ><div class='pt-cv-ifield'><a href=\"https:\/\/sifs.no\/dilemmabank\/habilitet\/bruk-av-flybonus-konto\/\" class=\"_self pt-cv-href-thumbnail pt-cv-thumb-default\" target=\"_self\" ><\/a>\n<h4 class=\"pt-cv-title\"><a href=\"https:\/\/sifs.no\/dilemmabank\/habilitet\/bruk-av-flybonus-konto\/\" class=\"_self\" target=\"_self\" >Bruk av flybonus-konto<\/a><\/h4>\n<div class=\"pt-cv-content\">Din flybonus-konto har blitt s\u00e5pass fyldig at du f\u00e5r tilbud p\u00e5 e-post om bruk av poengene fra flyselskapet. Hva gj\u00f8r ...<br \/><div class=\"pt-cv-rmwrap\"><a href=\"https:\/\/sifs.no\/dilemmabank\/habilitet\/bruk-av-flybonus-konto\/\" class=\"_self pt-cv-readmore btn btn-success\" target=\"_self\">Les Mer\u2026<\/a><\/div><\/div><\/div><\/div><\/div><\/div><\/div>\n<p>&nbsp;<\/p>\n<hr \/>\n<p>&nbsp;<\/p>\n<h1>Etiske retningslinjer for statstjenesten<\/h1>\n<div class=\"infopane\"><\/p>\n<h3>4.1 #Habilitet<a name=\"habilitet\"><\/a><\/h3>\n<p>Statsansatte skal ikke opptre p\u00e5 en m\u00e5te som er egnet til \u00e5 svekke tilliten til deres upartiskhet.<\/p>\n<p><em>Kommentarer:<\/em><br \/>\nDet vises her til forvaltningslovens \u00a7 6 f\u00f8rste og annet ledd. I f\u00f8rste ledd er det fastsatt at en offentlig tjenestemann er inhabil (ugild) til \u00e5 tilrettelegge grunnlaget for en avgj\u00f8relse eller til \u00e5 treffe avgj\u00f8relse i en forvaltningssak bl.a. n\u00e5r han eller hun selv eller vedkommendes familie er part i saken, og n\u00e5r han eller hun er partsrepresentant for en part i saken.<br \/>\nDet er s\u00e6rlig viktig \u00e5 v\u00e6re oppmerksom p\u00e5 avveiningen som m\u00e5 foretas etter annet ledd, hvor det fremg\u00e5r at en tjenestemann er inhabil n\u00e5r andre s\u00e6regne forhold foreligger som er egnet til \u00e5 svekke tilliten til hans upartiskhet. Her skal det blant annet legges vekt p\u00e5 om avgj\u00f8relsen i saken kan inneb\u00e6re s\u00e6rlig fordel, tap eller ulempe for tjenestemannen selv eller noen som han eller hun har n\u00e6r personlig tilknytning til.<br \/>\nDen enkelte har selv ansvaret for \u00e5 opplyse om egen inhabilitet, og tre til side n\u00e5r saken krever det.<br \/>\nEnkelte rollekombinasjoner vil kunne f\u00f8re til at det oppst\u00e5r interessekonflikter, eller p\u00e5stander om dette, og at det stilles sp\u00f8rsm\u00e5l ved tjenestemannens uavhengighet og integritet. Dette kan f.eks. gjelde hvor statsansatte i sentralforvaltningen sitter i styrer og r\u00e5d mv. Det vil derfor v\u00e6re viktig \u00e5 unng\u00e5 rollekombinasjoner hvor man ofte vil m\u00e5tte erkl\u00e6re seg inhabil.<\/p>\n<p><\/div>\n","protected":false},"excerpt":{"rendered":"<p>&nbsp; &nbsp; Etiske retningslinjer for statstjenesten<\/p>\n","protected":false},"author":1,"featured_media":0,"parent":0,"menu_order":0,"comment_status":"closed","ping_status":"closed","template":"","meta":{"footnotes":""},"_links":{"self":[{"href":"https:\/\/sifs.no\/dilemmabank\/wp-json\/wp\/v2\/pages\/544"}],"collection":[{"href":"https:\/\/sifs.no\/dilemmabank\/wp-json\/wp\/v2\/pages"}],"about":[{"href":"https:\/\/sifs.no\/dilemmabank\/wp-json\/wp\/v2\/types\/page"}],"author":[{"embeddable":true,"href":"https:\/\/sifs.no\/dilemmabank\/wp-json\/wp\/v2\/users\/1"}],"replies":[{"embeddable":true,"href":"https:\/\/sifs.no\/dilemmabank\/wp-json\/wp\/v2\/comments?post=544"}],"version-history":[{"count":2,"href":"https:\/\/sifs.no\/dilemmabank\/wp-json\/wp\/v2\/pages\/544\/revisions"}],"predecessor-version":[{"id":547,"href":"https:\/\/sifs.no\/dilemmabank\/wp-json\/wp\/v2\/pages\/544\/revisions\/547"}],"wp:attachment":[{"href":"https:\/\/sifs.no\/dilemmabank\/wp-json\/wp\/v2\/media?parent=544"}],"curies":[{"name":"wp","href":"https:\/\/api.w.org\/{rel}","templated":true}]}}