{"id":536,"date":"2017-11-20T20:05:20","date_gmt":"2017-11-20T19:05:20","guid":{"rendered":"http:\/\/sifs.no\/dilemmabank\/?page_id=536"},"modified":"2017-11-20T20:33:54","modified_gmt":"2017-11-20T19:33:54","slug":"faglighet","status":"publish","type":"page","link":"https:\/\/sifs.no\/dilemmabank\/faglighet\/","title":{"rendered":"Faglighet"},"content":{"rendered":"<div class=\"pt-cv-wrapper\"><div class=\"pt-cv-view pt-cv-grid pt-cv-colsys\" id=\"pt-cv-view-f21e1c5v3r\"><div data-id=\"pt-cv-page-1\" class=\"pt-cv-page\" data-cvc=\"20\"><div class=\"col-md-0 col-sm-6 col-xs-12 pt-cv-content-item pt-cv-1-col\" ><div class='pt-cv-ifield'><a href=\"https:\/\/sifs.no\/dilemmabank\/lojalitet\/prioritering-av-prosjekt-for-utbygging-av-et-samfunnskritisk-anlegg\/\" class=\"_self pt-cv-href-thumbnail pt-cv-thumb-default\" target=\"_self\" ><\/a>\n<h4 class=\"pt-cv-title\"><a href=\"https:\/\/sifs.no\/dilemmabank\/lojalitet\/prioritering-av-prosjekt-for-utbygging-av-et-samfunnskritisk-anlegg\/\" class=\"_self\" target=\"_self\" >Prioritering av prosjekt for utbygging av et samfunnskritisk anlegg<\/a><\/h4>\n<div class=\"pt-cv-content\">Du er prosjektleder for utbygging av et samfunnskritisk anlegg, og m\u00e5 i gjennomf\u00f8ringen samarbeide med flere offentlige etater. En etat ...<br \/><div class=\"pt-cv-rmwrap\"><a href=\"https:\/\/sifs.no\/dilemmabank\/lojalitet\/prioritering-av-prosjekt-for-utbygging-av-et-samfunnskritisk-anlegg\/\" class=\"_self pt-cv-readmore btn btn-success\" target=\"_self\">Les Mer\u2026<\/a><\/div><\/div><\/div><\/div>\n<div class=\"col-md-0 col-sm-6 col-xs-12 pt-cv-content-item pt-cv-1-col\" ><div class='pt-cv-ifield'><a href=\"https:\/\/sifs.no\/dilemmabank\/omdomme\/innsparing-med-begrensninger-pa-nodvendige-tjenestereiser\/\" class=\"_self pt-cv-href-thumbnail pt-cv-thumb-default\" target=\"_self\" ><\/a>\n<h4 class=\"pt-cv-title\"><a href=\"https:\/\/sifs.no\/dilemmabank\/omdomme\/innsparing-med-begrensninger-pa-nodvendige-tjenestereiser\/\" class=\"_self\" target=\"_self\" >Innsparing med begrensninger p\u00e5 n\u00f8dvendige tjenestereiser<\/a><\/h4>\n<div class=\"pt-cv-content\">Enheten du leder er p\u00e5lagt \u00e5 spare 500.000,- i administrasjonskostnader. Medarbeiderne kommer opp med flere innsparingsforslag, herunder begrensninger p\u00e5 n\u00f8dvendige ...<br \/><div class=\"pt-cv-rmwrap\"><a href=\"https:\/\/sifs.no\/dilemmabank\/omdomme\/innsparing-med-begrensninger-pa-nodvendige-tjenestereiser\/\" class=\"_self pt-cv-readmore btn btn-success\" target=\"_self\">Les Mer\u2026<\/a><\/div><\/div><\/div><\/div>\n<div class=\"col-md-0 col-sm-6 col-xs-12 pt-cv-content-item pt-cv-1-col\" ><div class='pt-cv-ifield'><a href=\"https:\/\/sifs.no\/dilemmabank\/faglighet\/press-pa-forsere-materiellprosjekt\/\" class=\"_self pt-cv-href-thumbnail pt-cv-thumb-default\" target=\"_self\" ><\/a>\n<h4 class=\"pt-cv-title\"><a href=\"https:\/\/sifs.no\/dilemmabank\/faglighet\/press-pa-forsere-materiellprosjekt\/\" class=\"_self\" target=\"_self\" >Press p\u00e5 \u00e5 forsere materiellprosjekt<\/a><\/h4>\n<div class=\"pt-cv-content\">Du er prosjektmedarbeider i Forsvarsmateriell. En leverand\u00f8r presser p\u00e5 for \u00e5 f\u00e5 forsert et materiellprosjekt som f\u00f8rst er tenkt satt ...<br \/><div class=\"pt-cv-rmwrap\"><a href=\"https:\/\/sifs.no\/dilemmabank\/faglighet\/press-pa-forsere-materiellprosjekt\/\" class=\"_self pt-cv-readmore btn btn-success\" target=\"_self\">Les Mer\u2026<\/a><\/div><\/div><\/div><\/div><\/div><\/div><\/div>\n<p>&nbsp;<\/p>\n<hr \/>\n<p>&nbsp;<\/p>\n<h1>Etiske retningslinjer for statstjenesten<\/h1>\n<div class=\"infopane\"><\/p>\n<h3>5. Faglig uavhengighet og objektivitet #faglighet<a name=\"faglighet\"><\/a><\/h3>\n<p>Faglig uavhengighet m\u00e5 ses i sammenheng med lojalitet og n\u00f8ytralitet. Kravet til faglig uavhengighet gjelder hele statsforvaltningen, b\u00e5de i forberedelse og avgj\u00f8relse av saker, i r\u00e5dgivning og ved presentasjon av informasjon.<\/p>\n<h3>5.1 Faglig uavhengighet<\/h3>\n<p>Prinsippet om faglig uavhengighet betyr at statsansatte skal legge sine faglige kunnskaper og sitt faglige skj\u00f8nn til grunn gjennom hele tjenesteut\u00f8velsen.<\/p>\n<p><em>Kommentarer:<\/em><br \/>\nDet er den faglige kunnskapen og det faglige skj\u00f8nnet som skal v\u00e6re utgangspunktet for de statsansattes arbeid i forvaltningen. Graden av faglig uavhengighet varierer en del i statsforvaltningen med hensyn til formaliseringsgrad, jf. at enkelte etater er mer eller mindre fristilt fra instruksjon fra overordnet niv\u00e5, men prinsippet gjelder likevel for alle ansatte i staten. De fleste statsansatte arbeider med forvaltning av vedtatt politikk, og sp\u00f8rsm\u00e5let om faglig uavhengighet blir her normalt ikke satt p\u00e5 pr\u00f8ve. De statsansatte m\u00e5 ogs\u00e5 legge til grunn at de skal kunne arbeide under skiftende politiske regimer.<br \/>\nPrinsippet om faglig uavhengighet inneb\u00e6rer en rett og plikt til \u00e5 reise faglig begrunnete innvendinger eller motforestillinger til politiske og administrative overordnetes synspunkter og til etablert praksis, der det m\u00e5tte v\u00e6re n\u00f8dvendig. Plikten til \u00e5 gj\u00f8re ledelsen oppmerksom p\u00e5 svakheter i synspunkter eller praksis, kan imidlertid ogs\u00e5 begrunnes ut fra lojalitetsprinsippet.<br \/>\nPrinsippet om faglig uavhengighet inneb\u00e6rer ikke noen rett til \u00e5 ignorere standpunkter, beslutninger, praksis mv. som den politiske eller administrative ledelse fastholder etter at den underordnete har gitt uttrykk for sine betenkeligheter, med mindre det skulle dreie seg om ulovlige eller uetiske beslutninger mv.<br \/>\nI tilfelle hvor en saksbehandlers faglig velbegrunnete forslag til l\u00f8sning av en sak blir tilsidesatt til fordel for en l\u00f8sning som han eller hun mener er faglig uholdbar eller d\u00e5rlig, har ved kommende rett til \u00e5 f\u00e5 dette syn gjort kjent i saken (evt. tatt inn i de saksforberedende dokumentene). I departementene finnes det en egen regel om dette. En departementsansatt har, uavhengig av arbeidsformen, plikt og rett til \u00e5 legge fram sitt syn p\u00e5 en slik m\u00e5te at det kan bli gjort kjent for departementssjefen (dvs. statsr\u00e5den), jf. Reglement for departementenes organisering og saksbehandling \u00a7 2 nr. 3 siste ledd.<br \/>\nAnsatte i departementene m\u00f8ter spesielle utfordringer siden departementene ogs\u00e5 er sekretariater for politisk ledelse. De ansatte her tjener statsr\u00e5den i sin rolle b\u00e5de som leder av et departement og som medlem av regjeringen, men ikke som partimedlem.<br \/>\nDe ansatte i departementene skal p\u00e5 den ene siden gi faglig holdbare r\u00e5d til politisk ledelse, uavhengig av hvilken politisk farge den politiske ledelsen har. Samtidig skal de iverksette vedtatt politikk fattet av den samme politiske ledelse. I andre sammenhenger vil de ansatte kunne opptre i en myndighetsrolle og skal ta stilling til p\u00e5legg, tillatelser og klager mv. i forhold til enkelt individer. Det er viktig at det i den enkelte virksomhet f\u00f8res en dialog om hvilke roller virksomheten er satt til \u00e5 ivareta, hvilke utfordringer disse rollene skaper og hvordan rollene skal ivaretas. En gjennomtenkt rolleforst\u00e5else vil kunne v\u00e6re til hjelp for den enkelte ansatte n\u00e5r han eller hun st\u00e5r overfor et etisk dilemma eller en etisk utfordring.<\/p>\n<p><\/div>\n","protected":false},"excerpt":{"rendered":"<p>&nbsp; &nbsp; Etiske retningslinjer for statstjenesten<\/p>\n","protected":false},"author":1,"featured_media":0,"parent":0,"menu_order":0,"comment_status":"closed","ping_status":"closed","template":"","meta":{"footnotes":""},"_links":{"self":[{"href":"https:\/\/sifs.no\/dilemmabank\/wp-json\/wp\/v2\/pages\/536"}],"collection":[{"href":"https:\/\/sifs.no\/dilemmabank\/wp-json\/wp\/v2\/pages"}],"about":[{"href":"https:\/\/sifs.no\/dilemmabank\/wp-json\/wp\/v2\/types\/page"}],"author":[{"embeddable":true,"href":"https:\/\/sifs.no\/dilemmabank\/wp-json\/wp\/v2\/users\/1"}],"replies":[{"embeddable":true,"href":"https:\/\/sifs.no\/dilemmabank\/wp-json\/wp\/v2\/comments?post=536"}],"version-history":[{"count":3,"href":"https:\/\/sifs.no\/dilemmabank\/wp-json\/wp\/v2\/pages\/536\/revisions"}],"predecessor-version":[{"id":575,"href":"https:\/\/sifs.no\/dilemmabank\/wp-json\/wp\/v2\/pages\/536\/revisions\/575"}],"wp:attachment":[{"href":"https:\/\/sifs.no\/dilemmabank\/wp-json\/wp\/v2\/media?parent=536"}],"curies":[{"name":"wp","href":"https:\/\/api.w.org\/{rel}","templated":true}]}}