{"id":525,"date":"2017-11-20T16:32:43","date_gmt":"2017-11-20T15:32:43","guid":{"rendered":"http:\/\/sifs.no\/dilemmabank\/?page_id=525"},"modified":"2017-11-20T19:59:37","modified_gmt":"2017-11-20T18:59:37","slug":"omdomme","status":"publish","type":"page","link":"https:\/\/sifs.no\/dilemmabank\/omdomme\/","title":{"rendered":"Omd\u00f8mme"},"content":{"rendered":"<div class=\"pt-cv-wrapper\"><div class=\"pt-cv-view pt-cv-grid pt-cv-colsys\" id=\"pt-cv-view-7ad42dd5fx\"><div data-id=\"pt-cv-page-1\" class=\"pt-cv-page\" data-cvc=\"3\"><div class=\"col-md-4 col-sm-6 col-xs-12 pt-cv-content-item pt-cv-1-col\" ><div class='pt-cv-ifield'><a href=\"https:\/\/sifs.no\/dilemmabank\/omdomme\/innsparing-med-begrensninger-pa-nodvendige-tjenestereiser\/\" class=\"_self pt-cv-href-thumbnail pt-cv-thumb-default\" target=\"_self\" ><\/a>\n<h4 class=\"pt-cv-title\"><a href=\"https:\/\/sifs.no\/dilemmabank\/omdomme\/innsparing-med-begrensninger-pa-nodvendige-tjenestereiser\/\" class=\"_self\" target=\"_self\" >Innsparing med begrensninger p\u00e5 n\u00f8dvendige tjenestereiser<\/a><\/h4>\n<div class=\"pt-cv-content\">Enheten du leder er p\u00e5lagt \u00e5 spare 500.000,- i administrasjonskostnader. Medarbeiderne kommer opp med flere innsparingsforslag, herunder begrensninger p\u00e5 n\u00f8dvendige ...<br \/><div class=\"pt-cv-rmwrap\"><a href=\"https:\/\/sifs.no\/dilemmabank\/omdomme\/innsparing-med-begrensninger-pa-nodvendige-tjenestereiser\/\" class=\"_self pt-cv-readmore btn btn-success\" target=\"_self\">Les Mer\u2026<\/a><\/div><\/div><\/div><\/div>\n<div class=\"col-md-4 col-sm-6 col-xs-12 pt-cv-content-item pt-cv-1-col\" ><div class='pt-cv-ifield'><a href=\"https:\/\/sifs.no\/dilemmabank\/omdomme\/uonsket-seksuell-oppmerksomhet-pa-julebordet\/\" class=\"_self pt-cv-href-thumbnail pt-cv-thumb-default\" target=\"_self\" ><\/a>\n<h4 class=\"pt-cv-title\"><a href=\"https:\/\/sifs.no\/dilemmabank\/omdomme\/uonsket-seksuell-oppmerksomhet-pa-julebordet\/\" class=\"_self\" target=\"_self\" >U\u00f8nsket seksuell oppmerksomhet p\u00e5 julebordet<\/a><\/h4>\n<div class=\"pt-cv-content\">Det er snart julebord p\u00e5 jobben. Du vet av erfaring at n\u00e5r en kollega av deg f\u00e5r i seg alkohol, ...<br \/><div class=\"pt-cv-rmwrap\"><a href=\"https:\/\/sifs.no\/dilemmabank\/omdomme\/uonsket-seksuell-oppmerksomhet-pa-julebordet\/\" class=\"_self pt-cv-readmore btn btn-success\" target=\"_self\">Les Mer\u2026<\/a><\/div><\/div><\/div><\/div>\n<div class=\"col-md-4 col-sm-6 col-xs-12 pt-cv-content-item pt-cv-1-col\" ><div class='pt-cv-ifield'><a href=\"https:\/\/sifs.no\/dilemmabank\/omdomme\/darlig-tid-mote-utenfor-byen\/\" class=\"_self pt-cv-href-thumbnail pt-cv-thumb-default\" target=\"_self\" ><\/a>\n<h4 class=\"pt-cv-title\"><a href=\"https:\/\/sifs.no\/dilemmabank\/omdomme\/darlig-tid-mote-utenfor-byen\/\" class=\"_self\" target=\"_self\" >D\u00e5rlig tid for m\u00f8te utenfor byen<\/a><\/h4>\n<div class=\"pt-cv-content\">Du skal p\u00e5 et m\u00f8te utenfor byen og har litt d\u00e5rlig tid. Tar du taxi selv om du vil rekke ...<br \/><div class=\"pt-cv-rmwrap\"><a href=\"https:\/\/sifs.no\/dilemmabank\/omdomme\/darlig-tid-mote-utenfor-byen\/\" class=\"_self pt-cv-readmore btn btn-success\" target=\"_self\">Les Mer\u2026<\/a><\/div><\/div><\/div><\/div>\n<div class=\"col-md-4 col-sm-6 col-xs-12 pt-cv-content-item pt-cv-1-col\" ><div class='pt-cv-ifield'><a href=\"https:\/\/sifs.no\/dilemmabank\/omdomme\/mindre-forbruk-pa-budskjettet\/\" class=\"_self pt-cv-href-thumbnail pt-cv-thumb-default\" target=\"_self\" ><\/a>\n<h4 class=\"pt-cv-title\"><a href=\"https:\/\/sifs.no\/dilemmabank\/omdomme\/mindre-forbruk-pa-budskjettet\/\" class=\"_self\" target=\"_self\" >Mindre forbruk p\u00e5 budskjettet<\/a><\/h4>\n<div class=\"pt-cv-content\">Du arbeider med anskaffelser til forsvarssektoren. Det er blitt november og du ser at virksomheten din st\u00e5r i fare for ...<br \/><div class=\"pt-cv-rmwrap\"><a href=\"https:\/\/sifs.no\/dilemmabank\/omdomme\/mindre-forbruk-pa-budskjettet\/\" class=\"_self pt-cv-readmore btn btn-success\" target=\"_self\">Les Mer\u2026<\/a><\/div><\/div><\/div><\/div>\n<div class=\"col-md-4 col-sm-6 col-xs-12 pt-cv-content-item pt-cv-1-col\" ><div class='pt-cv-ifield'><a href=\"https:\/\/sifs.no\/dilemmabank\/omdomme\/leverandor-etterforskning-av-polititet\/\" class=\"_self pt-cv-href-thumbnail pt-cv-thumb-default\" target=\"_self\" ><\/a>\n<h4 class=\"pt-cv-title\"><a href=\"https:\/\/sifs.no\/dilemmabank\/omdomme\/leverandor-etterforskning-av-polititet\/\" class=\"_self\" target=\"_self\" >Leverand\u00f8r under etterforskning av polititet<\/a><\/h4>\n<div class=\"pt-cv-content\">Du arbeider med anskaffelser til forsvarssektoren. Du blir gjort kjent med at den leverand\u00f8ren som har inngitt det billigste tilbudet, ...<br \/><div class=\"pt-cv-rmwrap\"><a href=\"https:\/\/sifs.no\/dilemmabank\/omdomme\/leverandor-etterforskning-av-polititet\/\" class=\"_self pt-cv-readmore btn btn-success\" target=\"_self\">Les Mer\u2026<\/a><\/div><\/div><\/div><\/div>\n<div class=\"col-md-4 col-sm-6 col-xs-12 pt-cv-content-item pt-cv-1-col\" ><div class='pt-cv-ifield'><a href=\"https:\/\/sifs.no\/dilemmabank\/omdomme\/leverandor-med-interninformasjon-gir-lav-pris\/\" class=\"_self pt-cv-href-thumbnail pt-cv-thumb-default\" target=\"_self\" ><\/a>\n<h4 class=\"pt-cv-title\"><a href=\"https:\/\/sifs.no\/dilemmabank\/omdomme\/leverandor-med-interninformasjon-gir-lav-pris\/\" class=\"_self\" target=\"_self\" >Leverand\u00f8r med interninformasjon gir lav pris<\/a><\/h4>\n<div class=\"pt-cv-content\">Du jobber med rammekontrakter i forsvarssektoren. En rammekontrakt skal fornyes og du vet at en av de tidligere leverand\u00f8rene har ...<br \/><div class=\"pt-cv-rmwrap\"><a href=\"https:\/\/sifs.no\/dilemmabank\/omdomme\/leverandor-med-interninformasjon-gir-lav-pris\/\" class=\"_self pt-cv-readmore btn btn-success\" target=\"_self\">Les Mer\u2026<\/a><\/div><\/div><\/div><\/div>\n<div class=\"col-md-4 col-sm-6 col-xs-12 pt-cv-content-item pt-cv-1-col\" ><div class='pt-cv-ifield'><a href=\"https:\/\/sifs.no\/dilemmabank\/omdomme\/fristelser-pa-bar-utlandet\/\" class=\"_self pt-cv-href-thumbnail pt-cv-thumb-default\" target=\"_self\" ><\/a>\n<h4 class=\"pt-cv-title\"><a href=\"https:\/\/sifs.no\/dilemmabank\/omdomme\/fristelser-pa-bar-utlandet\/\" class=\"_self\" target=\"_self\" >Fristelser p\u00e5 bar i utlandet<\/a><\/h4>\n<div class=\"pt-cv-content\">Du er sammen med en respektert kollega p\u00e5 en konferanse i utlandet. Du har alltid sett opp til vedkommende. I ...<br \/><div class=\"pt-cv-rmwrap\"><a href=\"https:\/\/sifs.no\/dilemmabank\/omdomme\/fristelser-pa-bar-utlandet\/\" class=\"_self pt-cv-readmore btn btn-success\" target=\"_self\">Les Mer\u2026<\/a><\/div><\/div><\/div><\/div><\/div><\/div><\/div>\n<p> &nbsp; <\/p>\n<hr \/>\n<p> &nbsp; <\/p>\n<h1>Etiske retningslinjer for statstjenesten<\/h1>\n<div class=\"infopane\"><\/p>\n<h3>1.2 Hensynet til statens #omd\u00f8mme<a name=\"omdoemme\"><\/a><\/h3>\n<p>Den enkelte ansatte plikter \u00e5 utf\u00f8re sine oppgaver og opptre utad p\u00e5 en etisk forsvarlig m\u00e5te, og slik at det ikke skader statens omd\u00f8mme.<\/p>\n<p><em>Kommentarer:<\/em><br \/>\nEnten en statsansatt opptrer i egen virksomhet, i andre offentlige eller private virksomheter innenlands eller i utlandet, vil vedkommende f\u00f8rst og fremst bli oppfattet som en representant for sin arbeidsgiver, men ogs\u00e5 for staten som helhet. Dette siste gjelder i s\u00e6rlig grad n\u00e5r ved kommende opptrer i offisielle sammenhenger utenlands eller mottar utenlandske statsborgere p\u00e5 offisielt bes\u00f8k i Norge.<br \/>\nDet er i alle sammenhenger viktig \u00e5 ha forst\u00e5else for andre lands kultur, religion og politiske system. Det vises her for \u00f8vrig til punkt 4.5 og 4.6 om mottak av og tilbud om gaver og andre fordeler. Videre vises til etiske retningslinjer mot kj\u00f8p og aksept av seksuelle tjenester (Statens personalh\u00e5ndbok 2012, pkt. 2.6.). I disse retningslinjene er det understreket at en ansatt ikke skal oppf\u00f8re seg p\u00e5 en m\u00e5te som kan krenke menneskeverd eller som er egnet til \u00e5 bringe virksomheten eller Norge i miskreditt. Dette inneb\u00e6rer at en ansatt som er p\u00e5 oppdrag for statens regning i Norge eller i utlandet, skal avst\u00e5 fra kj\u00f8p mv. av seksuelle tjenester.<br \/>\n<\/div>\n","protected":false},"excerpt":{"rendered":"<p>&nbsp; &nbsp; Etiske retningslinjer for statstjenesten<\/p>\n","protected":false},"author":1,"featured_media":0,"parent":0,"menu_order":0,"comment_status":"closed","ping_status":"closed","template":"","meta":{"footnotes":""},"_links":{"self":[{"href":"https:\/\/sifs.no\/dilemmabank\/wp-json\/wp\/v2\/pages\/525"}],"collection":[{"href":"https:\/\/sifs.no\/dilemmabank\/wp-json\/wp\/v2\/pages"}],"about":[{"href":"https:\/\/sifs.no\/dilemmabank\/wp-json\/wp\/v2\/types\/page"}],"author":[{"embeddable":true,"href":"https:\/\/sifs.no\/dilemmabank\/wp-json\/wp\/v2\/users\/1"}],"replies":[{"embeddable":true,"href":"https:\/\/sifs.no\/dilemmabank\/wp-json\/wp\/v2\/comments?post=525"}],"version-history":[{"count":5,"href":"https:\/\/sifs.no\/dilemmabank\/wp-json\/wp\/v2\/pages\/525\/revisions"}],"predecessor-version":[{"id":535,"href":"https:\/\/sifs.no\/dilemmabank\/wp-json\/wp\/v2\/pages\/525\/revisions\/535"}],"wp:attachment":[{"href":"https:\/\/sifs.no\/dilemmabank\/wp-json\/wp\/v2\/media?parent=525"}],"curies":[{"name":"wp","href":"https:\/\/api.w.org\/{rel}","templated":true}]}}